{"id":91,"date":"2017-06-26T11:30:26","date_gmt":"2017-06-26T15:30:26","guid":{"rendered":"http:\/\/lrflaw.ca\/?page_id=91\/"},"modified":"2019-04-12T10:54:16","modified_gmt":"2019-04-12T14:54:16","slug":"louis-filion","status":"publish","type":"page","link":"https:\/\/www.lrflaw.ca\/fr\/louis-filion\/","title":{"rendered":"Louis R. Filion"},"content":{"rendered":"<div class=\"wpb-content-wrapper\"><p>[vc_row css_animation=\u00a0\u00bb\u00a0\u00bb row_type=\u00a0\u00bbrow\u00a0\u00bb use_row_as_full_screen_section=\u00a0\u00bbno\u00a0\u00bb type=\u00a0\u00bbfull_width\u00a0\u00bb angled_section=\u00a0\u00bbno\u00a0\u00bb text_align=\u00a0\u00bbleft\u00a0\u00bb background_image_as_pattern=\u00a0\u00bbwithout_pattern\u00a0\u00bb][vc_column][vc_column_text]<\/p>\n<h2>Louis R. Filion<\/h2>\n<p>Louis Filion est dipl\u00f4m\u00e9 de l\u2019Universit\u00e9 d\u2019Ottawa au programme de Common Law (fran\u00e7ais) depuis 1994 et a \u00e9t\u00e9 admis au Barreau de l\u2019Ontario en 1996. Il est aussi d\u00e9tenteur d\u2019un dipl\u00f4me en commerce de l\u2019Universit\u00e9 d\u2019Ottawa.<\/p>\n<p>&nbsp;<\/p>\n<p>Louis est parfaitement bilingue donc il offre des services juridiques dans les deux langues officielles.<\/p>\n<p>&nbsp;<\/p>\n<p>Louis est administrateur et membre du conseil de direction de l\u2019Association des juristes d\u2019expression fran\u00e7aise de l\u2019Ontario (AJEFO) depuis 2011. Il est aussi membre du conseil consultatif du Programme Pratique du Droit de l\u2019Universit\u00e9 d\u2019Ottawa.<\/p>\n<p>&nbsp;<\/p>\n<p>Finalement, Louis est pilote priv\u00e9 et propri\u00e9taire de son avion.\u00a0 Il peut par cons\u00e9quent se d\u00e9placer facilement et rapidement \u00e0 travers la province, ou ailleurs au Canada.[\/vc_column_text][\/vc_column][\/vc_row][vc_row css_animation=\u00a0\u00bb\u00a0\u00bb row_type=\u00a0\u00bbrow\u00a0\u00bb use_row_as_full_screen_section=\u00a0\u00bbno\u00a0\u00bb type=\u00a0\u00bbfull_width\u00a0\u00bb angled_section=\u00a0\u00bbno\u00a0\u00bb text_align=\u00a0\u00bbleft\u00a0\u00bb background_image_as_pattern=\u00a0\u00bbwithout_pattern\u00a0\u00bb][vc_column][vc_column_text el_class=\u00a0\u00bbdist-list\u00a0\u00bb]<\/p>\n<h4>Comp\u00e9tences<\/h4>\n<p>[\/vc_column_text][vc_row_inner row_type=\u00a0\u00bbrow\u00a0\u00bb type=\u00a0\u00bbfull_width\u00a0\u00bb text_align=\u00a0\u00bbleft\u00a0\u00bb css_animation=\u00a0\u00bb\u00a0\u00bb][vc_column_inner width=\u00a0\u00bb1\/2&Prime;][vc_column_text el_class=\u00a0\u00bbdist-list\u00a0\u00bb]<\/p>\n<ul>\n<li>Fusions et acquisitions<\/li>\n<li>Financement commercial et r\u00e9sidentiel<\/li>\n<li>Contrats et structures corporatives<\/li>\n<li>Transaction immobili\u00e8re commerciale<\/li>\n<\/ul>\n<p>[\/vc_column_text][\/vc_column_inner][vc_column_inner width=\u00a0\u00bb1\/2&Prime;][vc_column_text el_class=\u00a0\u00bbdist-list\u00a0\u00bb]<\/p>\n<ul>\n<li>Transaction immobili\u00e8re r\u00e9sidentielle<\/li>\n<li>Ex\u00e9cution de s\u00fbret\u00e9s mobili\u00e8res et immobili\u00e8res<\/li>\n<li>Testament et planification successorale<\/li>\n<li>Administration de succession<\/li>\n<\/ul>\n<p>[\/vc_column_text][\/vc_column_inner][\/vc_row_inner][\/vc_column][\/vc_row]<\/p>\n<\/div>","protected":false},"excerpt":{"rendered":"<p>[vc_row css_animation=\u00a0\u00bb\u00a0\u00bb row_type=\u00a0\u00bbrow\u00a0\u00bb use_row_as_full_screen_section=\u00a0\u00bbno\u00a0\u00bb type=\u00a0\u00bbfull_width\u00a0\u00bb angled_section=\u00a0\u00bbno\u00a0\u00bb text_align=\u00a0\u00bbleft\u00a0\u00bb background_image_as_pattern=\u00a0\u00bbwithout_pattern\u00a0\u00bb][vc_column][vc_column_text] Louis R. Filion Louis Filion est dipl\u00f4m\u00e9 de l\u2019Universit\u00e9 d\u2019Ottawa au programme de Common Law (fran\u00e7ais) depuis 1994 et a \u00e9t\u00e9 admis au Barreau de l\u2019Ontario en 1996. Il est aussi d\u00e9tenteur d\u2019un dipl\u00f4me en commerce de&#8230;<\/p>\n","protected":false},"author":1,"featured_media":0,"parent":0,"menu_order":0,"comment_status":"closed","ping_status":"closed","template":"full_width.php","meta":{"footnotes":""},"class_list":["post-91","page","type-page","status-publish","hentry"],"yoast_head":"<!-- This site is optimized with the Yoast SEO plugin v27.2 - https:\/\/yoast.com\/product\/yoast-seo-wordpress\/ -->\n<title>Louis R. Filion<\/title>\n<meta name=\"description\" content=\"Membre de l&#039;\u00e9quipe\" \/>\n<meta name=\"robots\" content=\"index, follow, max-snippet:-1, max-image-preview:large, max-video-preview:-1\" \/>\n<link rel=\"canonical\" href=\"https:\/\/www.lrflaw.ca\/fr\/louis-filion\/\" \/>\n<meta property=\"og:locale\" content=\"fr_FR\" \/>\n<meta property=\"og:type\" content=\"article\" \/>\n<meta property=\"og:title\" content=\"Louis R. Filion\" \/>\n<meta property=\"og:description\" content=\"Membre de l&#039;\u00e9quipe\" \/>\n<meta property=\"og:url\" content=\"https:\/\/www.lrflaw.ca\/fr\/louis-filion\/\" \/>\n<meta property=\"og:site_name\" content=\"Louis R. Filion\" \/>\n<meta property=\"article:modified_time\" content=\"2019-04-12T14:54:16+00:00\" \/>\n<meta name=\"twitter:card\" content=\"summary_large_image\" \/>\n<meta name=\"twitter:label1\" content=\"Dur\u00e9e de lecture estim\u00e9e\" \/>\n\t<meta name=\"twitter:data1\" content=\"2 minutes\" \/>\n<script type=\"application\/ld+json\" class=\"yoast-schema-graph\">{\"@context\":\"https:\/\/schema.org\",\"@graph\":[{\"@type\":\"WebPage\",\"@id\":\"https:\/\/www.lrflaw.ca\/fr\/louis-filion\/\",\"url\":\"https:\/\/www.lrflaw.ca\/fr\/louis-filion\/\",\"name\":\"Louis R. Filion\",\"isPartOf\":{\"@id\":\"https:\/\/www.lrflaw.ca\/#website\"},\"datePublished\":\"2017-06-26T15:30:26+00:00\",\"dateModified\":\"2019-04-12T14:54:16+00:00\",\"description\":\"Membre de l'\u00e9quipe\",\"breadcrumb\":{\"@id\":\"https:\/\/www.lrflaw.ca\/fr\/louis-filion\/#breadcrumb\"},\"inLanguage\":\"fr-FR\",\"potentialAction\":[{\"@type\":\"ReadAction\",\"target\":[\"https:\/\/www.lrflaw.ca\/fr\/louis-filion\/\"]}]},{\"@type\":\"BreadcrumbList\",\"@id\":\"https:\/\/www.lrflaw.ca\/fr\/louis-filion\/#breadcrumb\",\"itemListElement\":[{\"@type\":\"ListItem\",\"position\":1,\"name\":\"Home\",\"item\":\"https:\/\/www.lrflaw.ca\/fr\/\"},{\"@type\":\"ListItem\",\"position\":2,\"name\":\"Louis R. Filion\"}]},{\"@type\":\"WebSite\",\"@id\":\"https:\/\/www.lrflaw.ca\/#website\",\"url\":\"https:\/\/www.lrflaw.ca\/\",\"name\":\"Louis R. Filion\",\"description\":\"Cabinet d&#039;avocat\",\"potentialAction\":[{\"@type\":\"SearchAction\",\"target\":{\"@type\":\"EntryPoint\",\"urlTemplate\":\"https:\/\/www.lrflaw.ca\/?s={search_term_string}\"},\"query-input\":{\"@type\":\"PropertyValueSpecification\",\"valueRequired\":true,\"valueName\":\"search_term_string\"}}],\"inLanguage\":\"fr-FR\"}]}<\/script>\n<!-- \/ Yoast SEO plugin. -->","yoast_head_json":{"title":"Louis R. Filion","description":"Membre de l'\u00e9quipe","robots":{"index":"index","follow":"follow","max-snippet":"max-snippet:-1","max-image-preview":"max-image-preview:large","max-video-preview":"max-video-preview:-1"},"canonical":"https:\/\/www.lrflaw.ca\/fr\/louis-filion\/","og_locale":"fr_FR","og_type":"article","og_title":"Louis R. Filion","og_description":"Membre de l'\u00e9quipe","og_url":"https:\/\/www.lrflaw.ca\/fr\/louis-filion\/","og_site_name":"Louis R. Filion","article_modified_time":"2019-04-12T14:54:16+00:00","twitter_card":"summary_large_image","twitter_misc":{"Dur\u00e9e de lecture estim\u00e9e":"2 minutes"},"schema":{"@context":"https:\/\/schema.org","@graph":[{"@type":"WebPage","@id":"https:\/\/www.lrflaw.ca\/fr\/louis-filion\/","url":"https:\/\/www.lrflaw.ca\/fr\/louis-filion\/","name":"Louis R. Filion","isPartOf":{"@id":"https:\/\/www.lrflaw.ca\/#website"},"datePublished":"2017-06-26T15:30:26+00:00","dateModified":"2019-04-12T14:54:16+00:00","description":"Membre de l'\u00e9quipe","breadcrumb":{"@id":"https:\/\/www.lrflaw.ca\/fr\/louis-filion\/#breadcrumb"},"inLanguage":"fr-FR","potentialAction":[{"@type":"ReadAction","target":["https:\/\/www.lrflaw.ca\/fr\/louis-filion\/"]}]},{"@type":"BreadcrumbList","@id":"https:\/\/www.lrflaw.ca\/fr\/louis-filion\/#breadcrumb","itemListElement":[{"@type":"ListItem","position":1,"name":"Home","item":"https:\/\/www.lrflaw.ca\/fr\/"},{"@type":"ListItem","position":2,"name":"Louis R. Filion"}]},{"@type":"WebSite","@id":"https:\/\/www.lrflaw.ca\/#website","url":"https:\/\/www.lrflaw.ca\/","name":"Louis R. Filion","description":"Cabinet d&#039;avocat","potentialAction":[{"@type":"SearchAction","target":{"@type":"EntryPoint","urlTemplate":"https:\/\/www.lrflaw.ca\/?s={search_term_string}"},"query-input":{"@type":"PropertyValueSpecification","valueRequired":true,"valueName":"search_term_string"}}],"inLanguage":"fr-FR"}]}},"_links":{"self":[{"href":"https:\/\/www.lrflaw.ca\/fr\/wp-json\/wp\/v2\/pages\/91","targetHints":{"allow":["GET"]}}],"collection":[{"href":"https:\/\/www.lrflaw.ca\/fr\/wp-json\/wp\/v2\/pages"}],"about":[{"href":"https:\/\/www.lrflaw.ca\/fr\/wp-json\/wp\/v2\/types\/page"}],"author":[{"embeddable":true,"href":"https:\/\/www.lrflaw.ca\/fr\/wp-json\/wp\/v2\/users\/1"}],"replies":[{"embeddable":true,"href":"https:\/\/www.lrflaw.ca\/fr\/wp-json\/wp\/v2\/comments?post=91"}],"version-history":[{"count":3,"href":"https:\/\/www.lrflaw.ca\/fr\/wp-json\/wp\/v2\/pages\/91\/revisions"}],"predecessor-version":[{"id":235,"href":"https:\/\/www.lrflaw.ca\/fr\/wp-json\/wp\/v2\/pages\/91\/revisions\/235"}],"wp:attachment":[{"href":"https:\/\/www.lrflaw.ca\/fr\/wp-json\/wp\/v2\/media?parent=91"}],"curies":[{"name":"wp","href":"https:\/\/api.w.org\/{rel}","templated":true}]}}