{"id":67,"date":"2017-06-22T11:12:40","date_gmt":"2017-06-22T15:12:40","guid":{"rendered":"http:\/\/lrflaw.ca\/?page_id=67\/"},"modified":"2019-04-18T10:14:49","modified_gmt":"2019-04-18T14:14:49","slug":"home","status":"publish","type":"page","link":"https:\/\/www.lrflaw.ca\/fr\/","title":{"rendered":"Home"},"content":{"rendered":"<div class=\"wpb-content-wrapper\"><p>[vc_row css_animation=\u00a0\u00bb\u00a0\u00bb row_type=\u00a0\u00bbrow\u00a0\u00bb use_row_as_full_screen_section=\u00a0\u00bbno\u00a0\u00bb type=\u00a0\u00bbfull_width\u00a0\u00bb angled_section=\u00a0\u00bbno\u00a0\u00bb text_align=\u00a0\u00bbleft\u00a0\u00bb background_image_as_pattern=\u00a0\u00bbwithout_pattern\u00a0\u00bb el_id=\u00a0\u00bbhome_section_one\u00a0\u00bb][vc_column][vc_row_inner row_type=\u00a0\u00bbrow\u00a0\u00bb type=\u00a0\u00bbgrid\u00a0\u00bb text_align=\u00a0\u00bbleft\u00a0\u00bb css_animation=\u00a0\u00bb\u00a0\u00bb][vc_column_inner width=\u00a0\u00bb1\/3&Prime; el_id=\u00a0\u00bbdist_icon_image_one\u00a0\u00bb]<div class=\"qode-image-with-icon-and-text\">\n    <div class=\"qode-iwiat-image-icon-holder\" >\n\t\t\t\t\t<div class=\"qode-iwiat-image\">\n\t\t\t\t<img decoding=\"async\" src=\"https:\/\/www.lrflaw.ca\/wp-content\/uploads\/2017\/06\/service-droit-commercial.jpg\" alt=\"\"\/>\n\t\t\t<\/div>\n\t\t\t\t<div class=\"qode-iwiat-icon-holder\">\n                            <span class=\"qode-icon-holder qode-icon-circle qode-icon-medium\"  >\n                    <i class=\"qode_icon_font_awesome fa fa-money qode-icon-element\" ><\/i>                <\/span>\n            \t\t<\/div>\n\t<\/div>\n\t\t\t<h3 class=\"qode-iwiat-title\">\n\t\t\tCommercial et Corporatif\t\t<\/h3>\n\t\t\t\t<p class=\"qode-iwiat-text\">\n\t\t\thttp:\/\/lrflaw.ca\/fr\/droit-commercial-et-corporatif\/\t\t<\/p>\n\t<\/div>[\/vc_column_inner][vc_column_inner width=\u00a0\u00bb1\/3&Prime; el_id=\u00a0\u00bbdist_icon_image_two\u00a0\u00bb]<div class=\"qode-image-with-icon-and-text\">\n    <div class=\"qode-iwiat-image-icon-holder\" >\n\t\t\t\t\t<div class=\"qode-iwiat-image\">\n\t\t\t\t<img decoding=\"async\" src=\"https:\/\/www.lrflaw.ca\/wp-content\/uploads\/2017\/06\/service-droit-immobilier.jpg\" alt=\"\"\/>\n\t\t\t<\/div>\n\t\t\t\t<div class=\"qode-iwiat-icon-holder\">\n                            <span class=\"qode-icon-holder qode-icon-circle qode-icon-medium\"  >\n                    <i class=\"qode_icon_font_awesome fa fa-home qode-icon-element\" ><\/i>                <\/span>\n            \t\t<\/div>\n\t<\/div>\n\t\t\t<h3 class=\"qode-iwiat-title\">\n\t\t\tImmobiliers\t\t<\/h3>\n\t\t\t\t<p class=\"qode-iwiat-text\">\n\t\t\thttp:\/\/lrflaw.ca\/fr\/droits-immobiliers\/\t\t<\/p>\n\t<\/div>[\/vc_column_inner][vc_column_inner width=\u00a0\u00bb1\/3&Prime; el_id=\u00a0\u00bbdist_icon_image_three\u00a0\u00bb]<div class=\"qode-image-with-icon-and-text\">\n    <div class=\"qode-iwiat-image-icon-holder\" >\n\t\t\t\t\t<div class=\"qode-iwiat-image\">\n\t\t\t\t<img decoding=\"async\" src=\"https:\/\/www.lrflaw.ca\/wp-content\/uploads\/2017\/06\/service-droit-successoral.jpg\" alt=\"\"\/>\n\t\t\t<\/div>\n\t\t\t\t<div class=\"qode-iwiat-icon-holder\">\n                            <span class=\"qode-icon-holder qode-icon-circle qode-icon-medium\"  >\n                    <i class=\"qode_icon_font_awesome fa fa-key qode-icon-element\" ><\/i>                <\/span>\n            \t\t<\/div>\n\t<\/div>\n\t\t\t<h3 class=\"qode-iwiat-title\">\n\t\t\tSuccessoral\t\t<\/h3>\n\t\t\t\t<p class=\"qode-iwiat-text\">\n\t\t\thttp:\/\/lrflaw.ca\/fr\/droits-successoral\/\t\t<\/p>\n\t<\/div>[\/vc_column_inner][\/vc_row_inner][\/vc_column][\/vc_row][vc_row css_animation=\u00a0\u00bb\u00a0\u00bb row_type=\u00a0\u00bbrow\u00a0\u00bb use_row_as_full_screen_section=\u00a0\u00bbno\u00a0\u00bb type=\u00a0\u00bbfull_width\u00a0\u00bb angled_section=\u00a0\u00bbno\u00a0\u00bb text_align=\u00a0\u00bbleft\u00a0\u00bb background_image_as_pattern=\u00a0\u00bbwithout_pattern\u00a0\u00bb el_id=\u00a0\u00bbhome_section_two\u00a0\u00bb el_class=\u00a0\u00bbdist_white_text\u00a0\u00bb][vc_column][vc_row_inner row_type=\u00a0\u00bbrow\u00a0\u00bb type=\u00a0\u00bbgrid\u00a0\u00bb text_align=\u00a0\u00bbleft\u00a0\u00bb css_animation=\u00a0\u00bb\u00a0\u00bb][vc_column_inner][vc_column_text]<\/p>\n<h2 style=\"text-align: center;\">Vous avez besoin de<br \/>\nnos expertises ?<\/h2>\n<p>[\/vc_column_text][\/vc_column_inner][\/vc_row_inner][vc_separator type=\u00a0\u00bbnormal\u00a0\u00bb el_class=\u00a0\u00bbdist_dashed\u00a0\u00bb][vc_column_text]<\/p>\n<p style=\"text-align: center;\">Lorsqu\u2019un besoin juridique complexe survient, vous voulez un avocat sur qui vous pouvez compter. Lorsque vient le temps d\u2019une transaction immobili\u00e8re, commerciale, des besoins corporatifs, de questions reli\u00e9es aux droits successoraux ou tout simplement pour la pr\u00e9paration de votre testament et\/ou de vos procurations, nous sommes l\u00e0 pour vous aider.<\/p>\n<p style=\"text-align: center;\">Notre engagement envers le meilleur service \u00e0 la client\u00e8le est notre priorit\u00e9. Nous comprenons l\u2019importance qu\u2019une question juridique peut avoir sur vos affaires personnelles et financi\u00e8res et nous nous effor\u00e7ons de travailler avec vous afin que vous obteniez le r\u00e9sultat que vous m\u00e9ritez.<\/p>\n<p style=\"text-align: center;\">Nous avons bien h\u00e2te de faire votre connaissance.<\/p>\n<p>[\/vc_column_text]\n<div class=\"wpcf7 no-js\" id=\"wpcf7-f69-o1\" lang=\"en-CA\" dir=\"ltr\" data-wpcf7-id=\"69\">\n<div class=\"screen-reader-response\"><p role=\"status\" aria-live=\"polite\" aria-atomic=\"true\"><\/p> <ul><\/ul><\/div>\n<form action=\"\/fr\/wp-json\/wp\/v2\/pages\/67#wpcf7-f69-o1\" method=\"post\" class=\"wpcf7-form init default\" aria-label=\"Contact form\" novalidate=\"novalidate\" data-status=\"init\">\n<fieldset class=\"hidden-fields-container\"><input type=\"hidden\" name=\"_wpcf7\" value=\"69\" \/><input type=\"hidden\" name=\"_wpcf7_version\" value=\"6.1.5\" \/><input type=\"hidden\" name=\"_wpcf7_locale\" value=\"en_CA\" \/><input type=\"hidden\" name=\"_wpcf7_unit_tag\" value=\"wpcf7-f69-o1\" \/><input type=\"hidden\" name=\"_wpcf7_container_post\" value=\"0\" \/><input type=\"hidden\" name=\"_wpcf7_posted_data_hash\" value=\"\" \/><input type=\"hidden\" name=\"_wpcf7_recaptcha_response\" value=\"\" \/>\n<\/fieldset>\n<div class=\"dist_form_half\">\n\t<p><span class=\"wpcf7-form-control-wrap\" data-name=\"your-name\"><input size=\"40\" maxlength=\"400\" class=\"wpcf7-form-control wpcf7-text wpcf7-validates-as-required\" aria-required=\"true\" aria-invalid=\"false\" placeholder=\"Nom\" value=\"\" type=\"text\" name=\"your-name\" \/><\/span><br \/>\n<span class=\"wpcf7-form-control-wrap\" data-name=\"your-tel\"><input size=\"40\" maxlength=\"400\" class=\"wpcf7-form-control wpcf7-text wpcf7-validates-as-required\" aria-required=\"true\" aria-invalid=\"false\" placeholder=\"No. de T\u00e9l.\" value=\"\" type=\"text\" name=\"your-tel\" \/><\/span><br \/>\n<span class=\"wpcf7-form-control-wrap\" data-name=\"your-email\"><input size=\"40\" maxlength=\"400\" class=\"wpcf7-form-control wpcf7-email wpcf7-validates-as-required wpcf7-text wpcf7-validates-as-email\" aria-required=\"true\" aria-invalid=\"false\" placeholder=\"Courriel\" value=\"\" type=\"email\" name=\"your-email\" \/><\/span>\n\t<\/p>\n<\/div>\n<div class=\"dist_form_half\">\n\t<p><span class=\"wpcf7-form-control-wrap\" data-name=\"your-message\"><textarea cols=\"40\" rows=\"10\" maxlength=\"2000\" class=\"wpcf7-form-control wpcf7-textarea\" aria-invalid=\"false\" placeholder=\"Commentaires\" name=\"your-message\"><\/textarea><\/span>\n\t<\/p>\n<\/div>\n<p><input class=\"wpcf7-form-control wpcf7-submit has-spinner\" type=\"submit\" value=\"Soumettre\" \/>\n<\/p><input type=\"hidden\" id=\"ct_checkjs_cf7_3a835d3215755c435ef4fe9965a3f2a0\" name=\"ct_checkjs_cf7\" value=\"0\" \/><script >setTimeout(function(){var ct_input_name = \"ct_checkjs_cf7_3a835d3215755c435ef4fe9965a3f2a0\";if (document.getElementById(ct_input_name) !== null) {var ct_input_value = document.getElementById(ct_input_name).value;document.getElementById(ct_input_name).value = document.getElementById(ct_input_name).value.replace(ct_input_value, '1979815058');}}, 1000);<\/script><input\n                    class=\"apbct_special_field apbct_email_id__wp_contact_form_7\"\n                    name=\"apbct__email_id__wp_contact_form_7\"\n                    aria-label=\"apbct__label_id__wp_contact_form_7\"\n                    type=\"text\" size=\"30\" maxlength=\"200\" autocomplete=\"off\"\n                    value=\"\"\n                \/><div class=\"wpcf7-response-output\" aria-hidden=\"true\"><\/div>\n<\/form>\n<\/div>\n[\/vc_column][\/vc_row]<\/p>\n<\/div>","protected":false},"excerpt":{"rendered":"<p>[vc_row css_animation=\u00a0\u00bb\u00a0\u00bb row_type=\u00a0\u00bbrow\u00a0\u00bb use_row_as_full_screen_section=\u00a0\u00bbno\u00a0\u00bb type=\u00a0\u00bbfull_width\u00a0\u00bb angled_section=\u00a0\u00bbno\u00a0\u00bb text_align=\u00a0\u00bbleft\u00a0\u00bb background_image_as_pattern=\u00a0\u00bbwithout_pattern\u00a0\u00bb el_id=\u00a0\u00bbhome_section_one\u00a0\u00bb][vc_column][vc_row_inner row_type=\u00a0\u00bbrow\u00a0\u00bb type=\u00a0\u00bbgrid\u00a0\u00bb text_align=\u00a0\u00bbleft\u00a0\u00bb css_animation=\u00a0\u00bb\u00a0\u00bb][vc_column_inner width=\u00a0\u00bb1\/3&Prime; el_id=\u00a0\u00bbdist_icon_image_one\u00a0\u00bb][\/vc_column_inner][vc_column_inner width=\u00a0\u00bb1\/3&Prime; el_id=\u00a0\u00bbdist_icon_image_two\u00a0\u00bb][\/vc_column_inner][vc_column_inner width=\u00a0\u00bb1\/3&Prime; el_id=\u00a0\u00bbdist_icon_image_three\u00a0\u00bb][\/vc_column_inner][\/vc_row_inner][\/vc_column][\/vc_row][vc_row css_animation=\u00a0\u00bb\u00a0\u00bb row_type=\u00a0\u00bbrow\u00a0\u00bb use_row_as_full_screen_section=\u00a0\u00bbno\u00a0\u00bb type=\u00a0\u00bbfull_width\u00a0\u00bb angled_section=\u00a0\u00bbno\u00a0\u00bb text_align=\u00a0\u00bbleft\u00a0\u00bb background_image_as_pattern=\u00a0\u00bbwithout_pattern\u00a0\u00bb el_id=\u00a0\u00bbhome_section_two\u00a0\u00bb el_class=\u00a0\u00bbdist_white_text\u00a0\u00bb][vc_column][vc_row_inner row_type=\u00a0\u00bbrow\u00a0\u00bb type=\u00a0\u00bbgrid\u00a0\u00bb text_align=\u00a0\u00bbleft\u00a0\u00bb css_animation=\u00a0\u00bb\u00a0\u00bb][vc_column_inner][vc_column_text] Vous avez besoin de nos expertises ? [\/vc_column_text][\/vc_column_inner][\/vc_row_inner][vc_separator type=\u00a0\u00bbnormal\u00a0\u00bb el_class=\u00a0\u00bbdist_dashed\u00a0\u00bb][vc_column_text] Lorsqu\u2019un besoin juridique&#8230;<\/p>\n","protected":false},"author":1,"featured_media":0,"parent":0,"menu_order":0,"comment_status":"closed","ping_status":"open","template":"full_width.php","meta":{"footnotes":""},"class_list":["post-67","page","type-page","status-publish","hentry"],"yoast_head":"<!-- This site is optimized with the Yoast SEO plugin v27.2 - https:\/\/yoast.com\/product\/yoast-seo-wordpress\/ -->\n<title>Home<\/title>\n<meta name=\"description\" content=\"Lorsqu\u2019un besoin juridique complexe survient, vous voulez un avocat sur qui vous pouvez compter.\" \/>\n<meta name=\"robots\" content=\"index, follow, max-snippet:-1, max-image-preview:large, max-video-preview:-1\" \/>\n<link rel=\"canonical\" href=\"https:\/\/www.lrflaw.ca\/fr\/\" \/>\n<meta property=\"og:locale\" content=\"fr_FR\" \/>\n<meta property=\"og:type\" content=\"article\" \/>\n<meta property=\"og:title\" content=\"Home\" \/>\n<meta property=\"og:description\" content=\"Lorsqu\u2019un besoin juridique complexe survient, vous voulez un avocat sur qui vous pouvez compter.\" \/>\n<meta property=\"og:url\" content=\"https:\/\/www.lrflaw.ca\/fr\/\" \/>\n<meta property=\"og:site_name\" content=\"Louis R. Filion\" \/>\n<meta property=\"article:modified_time\" content=\"2019-04-18T14:14:49+00:00\" \/>\n<meta name=\"twitter:card\" content=\"summary_large_image\" \/>\n<meta name=\"twitter:label1\" content=\"Dur\u00e9e de lecture estim\u00e9e\" \/>\n\t<meta name=\"twitter:data1\" content=\"2 minutes\" \/>\n<script type=\"application\/ld+json\" class=\"yoast-schema-graph\">{\"@context\":\"https:\/\/schema.org\",\"@graph\":[{\"@type\":\"WebPage\",\"@id\":\"https:\/\/www.lrflaw.ca\/fr\/\",\"url\":\"https:\/\/www.lrflaw.ca\/fr\/\",\"name\":\"Home\",\"isPartOf\":{\"@id\":\"https:\/\/www.lrflaw.ca\/#website\"},\"datePublished\":\"2017-06-22T15:12:40+00:00\",\"dateModified\":\"2019-04-18T14:14:49+00:00\",\"description\":\"Lorsqu\u2019un besoin juridique complexe survient, vous voulez un avocat sur qui vous pouvez compter.\",\"breadcrumb\":{\"@id\":\"https:\/\/www.lrflaw.ca\/fr\/#breadcrumb\"},\"inLanguage\":\"fr-FR\",\"potentialAction\":[{\"@type\":\"ReadAction\",\"target\":[\"https:\/\/www.lrflaw.ca\/fr\/\"]}]},{\"@type\":\"BreadcrumbList\",\"@id\":\"https:\/\/www.lrflaw.ca\/fr\/#breadcrumb\",\"itemListElement\":[{\"@type\":\"ListItem\",\"position\":1,\"name\":\"Home\",\"item\":\"https:\/\/www.lrflaw.ca\/fr\/\"},{\"@type\":\"ListItem\",\"position\":2,\"name\":\"Home\"}]},{\"@type\":\"WebSite\",\"@id\":\"https:\/\/www.lrflaw.ca\/#website\",\"url\":\"https:\/\/www.lrflaw.ca\/\",\"name\":\"Louis R. Filion\",\"description\":\"Cabinet d&#039;avocat\",\"potentialAction\":[{\"@type\":\"SearchAction\",\"target\":{\"@type\":\"EntryPoint\",\"urlTemplate\":\"https:\/\/www.lrflaw.ca\/?s={search_term_string}\"},\"query-input\":{\"@type\":\"PropertyValueSpecification\",\"valueRequired\":true,\"valueName\":\"search_term_string\"}}],\"inLanguage\":\"fr-FR\"}]}<\/script>\n<!-- \/ Yoast SEO plugin. -->","yoast_head_json":{"title":"Home","description":"Lorsqu\u2019un besoin juridique complexe survient, vous voulez un avocat sur qui vous pouvez compter.","robots":{"index":"index","follow":"follow","max-snippet":"max-snippet:-1","max-image-preview":"max-image-preview:large","max-video-preview":"max-video-preview:-1"},"canonical":"https:\/\/www.lrflaw.ca\/fr\/","og_locale":"fr_FR","og_type":"article","og_title":"Home","og_description":"Lorsqu\u2019un besoin juridique complexe survient, vous voulez un avocat sur qui vous pouvez compter.","og_url":"https:\/\/www.lrflaw.ca\/fr\/","og_site_name":"Louis R. Filion","article_modified_time":"2019-04-18T14:14:49+00:00","twitter_card":"summary_large_image","twitter_misc":{"Dur\u00e9e de lecture estim\u00e9e":"2 minutes"},"schema":{"@context":"https:\/\/schema.org","@graph":[{"@type":"WebPage","@id":"https:\/\/www.lrflaw.ca\/fr\/","url":"https:\/\/www.lrflaw.ca\/fr\/","name":"Home","isPartOf":{"@id":"https:\/\/www.lrflaw.ca\/#website"},"datePublished":"2017-06-22T15:12:40+00:00","dateModified":"2019-04-18T14:14:49+00:00","description":"Lorsqu\u2019un besoin juridique complexe survient, vous voulez un avocat sur qui vous pouvez compter.","breadcrumb":{"@id":"https:\/\/www.lrflaw.ca\/fr\/#breadcrumb"},"inLanguage":"fr-FR","potentialAction":[{"@type":"ReadAction","target":["https:\/\/www.lrflaw.ca\/fr\/"]}]},{"@type":"BreadcrumbList","@id":"https:\/\/www.lrflaw.ca\/fr\/#breadcrumb","itemListElement":[{"@type":"ListItem","position":1,"name":"Home","item":"https:\/\/www.lrflaw.ca\/fr\/"},{"@type":"ListItem","position":2,"name":"Home"}]},{"@type":"WebSite","@id":"https:\/\/www.lrflaw.ca\/#website","url":"https:\/\/www.lrflaw.ca\/","name":"Louis R. Filion","description":"Cabinet d&#039;avocat","potentialAction":[{"@type":"SearchAction","target":{"@type":"EntryPoint","urlTemplate":"https:\/\/www.lrflaw.ca\/?s={search_term_string}"},"query-input":{"@type":"PropertyValueSpecification","valueRequired":true,"valueName":"search_term_string"}}],"inLanguage":"fr-FR"}]}},"_links":{"self":[{"href":"https:\/\/www.lrflaw.ca\/fr\/wp-json\/wp\/v2\/pages\/67","targetHints":{"allow":["GET"]}}],"collection":[{"href":"https:\/\/www.lrflaw.ca\/fr\/wp-json\/wp\/v2\/pages"}],"about":[{"href":"https:\/\/www.lrflaw.ca\/fr\/wp-json\/wp\/v2\/types\/page"}],"author":[{"embeddable":true,"href":"https:\/\/www.lrflaw.ca\/fr\/wp-json\/wp\/v2\/users\/1"}],"replies":[{"embeddable":true,"href":"https:\/\/www.lrflaw.ca\/fr\/wp-json\/wp\/v2\/comments?post=67"}],"version-history":[{"count":10,"href":"https:\/\/www.lrflaw.ca\/fr\/wp-json\/wp\/v2\/pages\/67\/revisions"}],"predecessor-version":[{"id":254,"href":"https:\/\/www.lrflaw.ca\/fr\/wp-json\/wp\/v2\/pages\/67\/revisions\/254"}],"wp:attachment":[{"href":"https:\/\/www.lrflaw.ca\/fr\/wp-json\/wp\/v2\/media?parent=67"}],"curies":[{"name":"wp","href":"https:\/\/api.w.org\/{rel}","templated":true}]}}