{"id":221,"date":"2019-04-11T16:51:38","date_gmt":"2019-04-11T20:51:38","guid":{"rendered":"http:\/\/lrflaw.ca\/?page_id=221\/"},"modified":"2019-04-18T10:16:33","modified_gmt":"2019-04-18T14:16:33","slug":"dominik-tremblay","status":"publish","type":"page","link":"https:\/\/www.lrflaw.ca\/fr\/dominik-tremblay\/","title":{"rendered":"Dominik Tremblay"},"content":{"rendered":"<div class=\"wpb-content-wrapper\"><p>[vc_row css_animation=\u00a0\u00bb\u00a0\u00bb row_type=\u00a0\u00bbrow\u00a0\u00bb use_row_as_full_screen_section=\u00a0\u00bbno\u00a0\u00bb type=\u00a0\u00bbfull_width\u00a0\u00bb angled_section=\u00a0\u00bbno\u00a0\u00bb text_align=\u00a0\u00bbleft\u00a0\u00bb background_image_as_pattern=\u00a0\u00bbwithout_pattern\u00a0\u00bb][vc_column][vc_column_text]<\/p>\n<h2>Dominik Tremblay<\/h2>\n<p>Dominik Tremblay est dipl\u00f4m\u00e9e de l\u2019Universit\u00e9 d\u2019Ottawa au programme de Common Law (fran\u00e7ais) depuis 2017 et a \u00e9t\u00e9 admis au Barreau de l\u2019Ontario en 2018.\u00a0 Elle est aussi d\u00e9tentrice d\u2019un dipl\u00f4me en science politique de l\u2019Universit\u00e9 d\u2019Ottawa.<\/p>\n<p>&nbsp;<\/p>\n<p>Dominik est parfaitement bilingue donc elle offre des services juridiques dans les deux langues officielles.[\/vc_column_text][\/vc_column][\/vc_row][vc_row css_animation=\u00a0\u00bb\u00a0\u00bb row_type=\u00a0\u00bbrow\u00a0\u00bb use_row_as_full_screen_section=\u00a0\u00bbno\u00a0\u00bb type=\u00a0\u00bbfull_width\u00a0\u00bb angled_section=\u00a0\u00bbno\u00a0\u00bb text_align=\u00a0\u00bbleft\u00a0\u00bb background_image_as_pattern=\u00a0\u00bbwithout_pattern\u00a0\u00bb][vc_column][vc_column_text el_class=\u00a0\u00bbdist-list\u00a0\u00bb]<\/p>\n<h4>Comp\u00e9tences<\/h4>\n<p>[\/vc_column_text][vc_row_inner row_type=\u00a0\u00bbrow\u00a0\u00bb type=\u00a0\u00bbfull_width\u00a0\u00bb text_align=\u00a0\u00bbleft\u00a0\u00bb css_animation=\u00a0\u00bb\u00a0\u00bb][vc_column_inner width=\u00a0\u00bb1\/2&Prime;][vc_column_text el_class=\u00a0\u00bbdist-list\u00a0\u00bb]<\/p>\n<ul>\n<li>Fusions et acquisitions<\/li>\n<li>Financement commercial et r\u00e9sidentiel<\/li>\n<li>Contrats et structures corporatives<\/li>\n<li>Transaction immobili\u00e8re commerciale<\/li>\n<\/ul>\n<p>[\/vc_column_text][\/vc_column_inner][vc_column_inner width=\u00a0\u00bb1\/2&Prime;][vc_column_text el_class=\u00a0\u00bbdist-list\u00a0\u00bb]<\/p>\n<ul>\n<li>Transaction immobili\u00e8re r\u00e9sidentielle<\/li>\n<li>Ex\u00e9cution de s\u00fbret\u00e9s mobili\u00e8res et immobili\u00e8res<\/li>\n<li>Testament et planification successorale<\/li>\n<li>Administration de succession<\/li>\n<\/ul>\n<p>[\/vc_column_text][\/vc_column_inner][\/vc_row_inner][\/vc_column][\/vc_row]<\/p>\n<\/div>","protected":false},"excerpt":{"rendered":"<p>[vc_row css_animation=\u00a0\u00bb\u00a0\u00bb row_type=\u00a0\u00bbrow\u00a0\u00bb use_row_as_full_screen_section=\u00a0\u00bbno\u00a0\u00bb type=\u00a0\u00bbfull_width\u00a0\u00bb angled_section=\u00a0\u00bbno\u00a0\u00bb text_align=\u00a0\u00bbleft\u00a0\u00bb background_image_as_pattern=\u00a0\u00bbwithout_pattern\u00a0\u00bb][vc_column][vc_column_text] Dominik Tremblay Dominik Tremblay est dipl\u00f4m\u00e9e de l\u2019Universit\u00e9 d\u2019Ottawa au programme de Common Law (fran\u00e7ais) depuis 2017 et a \u00e9t\u00e9 admis au Barreau de l\u2019Ontario en 2018.\u00a0 Elle est aussi d\u00e9tentrice d\u2019un dipl\u00f4me en science politique de&#8230;<\/p>\n","protected":false},"author":1,"featured_media":0,"parent":0,"menu_order":0,"comment_status":"closed","ping_status":"closed","template":"full_width.php","meta":{"footnotes":""},"class_list":["post-221","page","type-page","status-publish","hentry"],"yoast_head":"<!-- This site is optimized with the Yoast SEO plugin v27.2 - https:\/\/yoast.com\/product\/yoast-seo-wordpress\/ -->\n<title>Dominik Tremblay<\/title>\n<meta name=\"description\" content=\"Membre de l&#039;\u00e9quipe\" \/>\n<meta name=\"robots\" content=\"index, follow, max-snippet:-1, max-image-preview:large, max-video-preview:-1\" \/>\n<link rel=\"canonical\" href=\"https:\/\/www.lrflaw.ca\/fr\/dominik-tremblay\/\" \/>\n<meta property=\"og:locale\" content=\"fr_FR\" \/>\n<meta property=\"og:type\" content=\"article\" \/>\n<meta property=\"og:title\" content=\"Dominik Tremblay\" \/>\n<meta property=\"og:description\" content=\"Membre de l&#039;\u00e9quipe\" \/>\n<meta property=\"og:url\" content=\"https:\/\/www.lrflaw.ca\/fr\/dominik-tremblay\/\" \/>\n<meta property=\"og:site_name\" content=\"Louis R. Filion\" \/>\n<meta property=\"article:modified_time\" content=\"2019-04-18T14:16:33+00:00\" \/>\n<meta name=\"twitter:card\" content=\"summary_large_image\" \/>\n<meta name=\"twitter:label1\" content=\"Dur\u00e9e de lecture estim\u00e9e\" \/>\n\t<meta name=\"twitter:data1\" content=\"1 minute\" \/>\n<script type=\"application\/ld+json\" class=\"yoast-schema-graph\">{\"@context\":\"https:\/\/schema.org\",\"@graph\":[{\"@type\":\"WebPage\",\"@id\":\"https:\/\/www.lrflaw.ca\/fr\/dominik-tremblay\/\",\"url\":\"https:\/\/www.lrflaw.ca\/fr\/dominik-tremblay\/\",\"name\":\"Dominik Tremblay\",\"isPartOf\":{\"@id\":\"https:\/\/www.lrflaw.ca\/#website\"},\"datePublished\":\"2019-04-11T20:51:38+00:00\",\"dateModified\":\"2019-04-18T14:16:33+00:00\",\"description\":\"Membre de l'\u00e9quipe\",\"breadcrumb\":{\"@id\":\"https:\/\/www.lrflaw.ca\/fr\/dominik-tremblay\/#breadcrumb\"},\"inLanguage\":\"fr-FR\",\"potentialAction\":[{\"@type\":\"ReadAction\",\"target\":[\"https:\/\/www.lrflaw.ca\/fr\/dominik-tremblay\/\"]}]},{\"@type\":\"BreadcrumbList\",\"@id\":\"https:\/\/www.lrflaw.ca\/fr\/dominik-tremblay\/#breadcrumb\",\"itemListElement\":[{\"@type\":\"ListItem\",\"position\":1,\"name\":\"Home\",\"item\":\"https:\/\/www.lrflaw.ca\/fr\/\"},{\"@type\":\"ListItem\",\"position\":2,\"name\":\"Dominik Tremblay\"}]},{\"@type\":\"WebSite\",\"@id\":\"https:\/\/www.lrflaw.ca\/#website\",\"url\":\"https:\/\/www.lrflaw.ca\/\",\"name\":\"Louis R. Filion\",\"description\":\"Cabinet d&#039;avocat\",\"potentialAction\":[{\"@type\":\"SearchAction\",\"target\":{\"@type\":\"EntryPoint\",\"urlTemplate\":\"https:\/\/www.lrflaw.ca\/?s={search_term_string}\"},\"query-input\":{\"@type\":\"PropertyValueSpecification\",\"valueRequired\":true,\"valueName\":\"search_term_string\"}}],\"inLanguage\":\"fr-FR\"}]}<\/script>\n<!-- \/ Yoast SEO plugin. -->","yoast_head_json":{"title":"Dominik Tremblay","description":"Membre de l'\u00e9quipe","robots":{"index":"index","follow":"follow","max-snippet":"max-snippet:-1","max-image-preview":"max-image-preview:large","max-video-preview":"max-video-preview:-1"},"canonical":"https:\/\/www.lrflaw.ca\/fr\/dominik-tremblay\/","og_locale":"fr_FR","og_type":"article","og_title":"Dominik Tremblay","og_description":"Membre de l'\u00e9quipe","og_url":"https:\/\/www.lrflaw.ca\/fr\/dominik-tremblay\/","og_site_name":"Louis R. Filion","article_modified_time":"2019-04-18T14:16:33+00:00","twitter_card":"summary_large_image","twitter_misc":{"Dur\u00e9e de lecture estim\u00e9e":"1 minute"},"schema":{"@context":"https:\/\/schema.org","@graph":[{"@type":"WebPage","@id":"https:\/\/www.lrflaw.ca\/fr\/dominik-tremblay\/","url":"https:\/\/www.lrflaw.ca\/fr\/dominik-tremblay\/","name":"Dominik Tremblay","isPartOf":{"@id":"https:\/\/www.lrflaw.ca\/#website"},"datePublished":"2019-04-11T20:51:38+00:00","dateModified":"2019-04-18T14:16:33+00:00","description":"Membre de l'\u00e9quipe","breadcrumb":{"@id":"https:\/\/www.lrflaw.ca\/fr\/dominik-tremblay\/#breadcrumb"},"inLanguage":"fr-FR","potentialAction":[{"@type":"ReadAction","target":["https:\/\/www.lrflaw.ca\/fr\/dominik-tremblay\/"]}]},{"@type":"BreadcrumbList","@id":"https:\/\/www.lrflaw.ca\/fr\/dominik-tremblay\/#breadcrumb","itemListElement":[{"@type":"ListItem","position":1,"name":"Home","item":"https:\/\/www.lrflaw.ca\/fr\/"},{"@type":"ListItem","position":2,"name":"Dominik Tremblay"}]},{"@type":"WebSite","@id":"https:\/\/www.lrflaw.ca\/#website","url":"https:\/\/www.lrflaw.ca\/","name":"Louis R. Filion","description":"Cabinet d&#039;avocat","potentialAction":[{"@type":"SearchAction","target":{"@type":"EntryPoint","urlTemplate":"https:\/\/www.lrflaw.ca\/?s={search_term_string}"},"query-input":{"@type":"PropertyValueSpecification","valueRequired":true,"valueName":"search_term_string"}}],"inLanguage":"fr-FR"}]}},"_links":{"self":[{"href":"https:\/\/www.lrflaw.ca\/fr\/wp-json\/wp\/v2\/pages\/221","targetHints":{"allow":["GET"]}}],"collection":[{"href":"https:\/\/www.lrflaw.ca\/fr\/wp-json\/wp\/v2\/pages"}],"about":[{"href":"https:\/\/www.lrflaw.ca\/fr\/wp-json\/wp\/v2\/types\/page"}],"author":[{"embeddable":true,"href":"https:\/\/www.lrflaw.ca\/fr\/wp-json\/wp\/v2\/users\/1"}],"replies":[{"embeddable":true,"href":"https:\/\/www.lrflaw.ca\/fr\/wp-json\/wp\/v2\/comments?post=221"}],"version-history":[{"count":4,"href":"https:\/\/www.lrflaw.ca\/fr\/wp-json\/wp\/v2\/pages\/221\/revisions"}],"predecessor-version":[{"id":255,"href":"https:\/\/www.lrflaw.ca\/fr\/wp-json\/wp\/v2\/pages\/221\/revisions\/255"}],"wp:attachment":[{"href":"https:\/\/www.lrflaw.ca\/fr\/wp-json\/wp\/v2\/media?parent=221"}],"curies":[{"name":"wp","href":"https:\/\/api.w.org\/{rel}","templated":true}]}}