{"id":140,"date":"2017-06-26T14:22:24","date_gmt":"2017-06-26T18:22:24","guid":{"rendered":"http:\/\/lrflaw.ca\/?page_id=140\/"},"modified":"2019-07-11T11:04:53","modified_gmt":"2019-07-11T15:04:53","slug":"droits-successoral","status":"publish","type":"page","link":"https:\/\/www.lrflaw.ca\/fr\/droits-successoral\/","title":{"rendered":"Droit successoral"},"content":{"rendered":"<div class=\"wpb-content-wrapper\"><p>[vc_row css_animation=\u00a0\u00bb\u00a0\u00bb row_type=\u00a0\u00bbrow\u00a0\u00bb use_row_as_full_screen_section=\u00a0\u00bbno\u00a0\u00bb type=\u00a0\u00bbfull_width\u00a0\u00bb angled_section=\u00a0\u00bbno\u00a0\u00bb text_align=\u00a0\u00bbleft\u00a0\u00bb background_image_as_pattern=\u00a0\u00bbwithout_pattern\u00a0\u00bb][vc_column][vc_column_text]<\/p>\n<h2>Droit successoral<\/h2>\n<p>Nous offrons une vari\u00e9t\u00e9 de solution \u00e0 toutes vos inqui\u00e9tudes. Vous \u00eates un ex\u00e9cuteur testamentaire qui recherche de l\u2019assistance pour l\u2019administration d\u2019une succession, nous sommes l\u00e0 pour vous aider. Par exemple, nous aidons r\u00e9guli\u00e8rement un ex\u00e9cuteur \u00e0 faire face \u00e0 des biens insolvables, des b\u00e9n\u00e9ficiaires ou des co-ex\u00e9cuteurs peu coop\u00e9ratifs et hostiles, des actifs dans plusieurs juridictions, peu importe le cas, nous sommes l\u00e0 pour vous.<\/p>\n<p>&nbsp;<\/p>\n<p>Pour tous vos besoins en mati\u00e8res successorales, nous sommes l\u00e0 pour vous assister et all\u00e9ger votre fardeau.<\/p>\n<p>&nbsp;<\/p>\n<p>Contactez nous pour discuter de vos besoins en droit successoral. <a href=\"\/?page_id=62\">Caroline<\/a> se fera un plaisir de vous aider.[\/vc_column_text][\/vc_column][\/vc_row][vc_row css_animation=\u00a0\u00bb\u00a0\u00bb row_type=\u00a0\u00bbrow\u00a0\u00bb use_row_as_full_screen_section=\u00a0\u00bbno\u00a0\u00bb type=\u00a0\u00bbfull_width\u00a0\u00bb angled_section=\u00a0\u00bbno\u00a0\u00bb text_align=\u00a0\u00bbleft\u00a0\u00bb background_image_as_pattern=\u00a0\u00bbwithout_pattern\u00a0\u00bb][vc_column][vc_column_text el_class=\u00a0\u00bbdist-list\u00a0\u00bb]<\/p>\n<h4>Nos Expertises<\/h4>\n<p>[\/vc_column_text][vc_row_inner row_type=\u00a0\u00bbrow\u00a0\u00bb type=\u00a0\u00bbfull_width\u00a0\u00bb text_align=\u00a0\u00bbleft\u00a0\u00bb css_animation=\u00a0\u00bb\u00a0\u00bb][vc_column_inner width=\u00a0\u00bb1\/2&Prime;][vc_column_text el_class=\u00a0\u00bbdist-list\u00a0\u00bb]<\/p>\n<ul>\n<li>Administration de successions<\/li>\n<li>Testaments et procurations<\/li>\n<\/ul>\n<p>[\/vc_column_text][\/vc_column_inner][vc_column_inner width=\u00a0\u00bb1\/2&Prime;][vc_column_text el_class=\u00a0\u00bbdist-list\u00a0\u00bb]<\/p>\n<ul>\n<li>Planification successorale<\/li>\n<\/ul>\n<p>[\/vc_column_text][\/vc_column_inner][\/vc_row_inner][\/vc_column][\/vc_row]<\/p>\n<\/div>","protected":false},"excerpt":{"rendered":"<p>[vc_row css_animation=\u00a0\u00bb\u00a0\u00bb row_type=\u00a0\u00bbrow\u00a0\u00bb use_row_as_full_screen_section=\u00a0\u00bbno\u00a0\u00bb type=\u00a0\u00bbfull_width\u00a0\u00bb angled_section=\u00a0\u00bbno\u00a0\u00bb text_align=\u00a0\u00bbleft\u00a0\u00bb background_image_as_pattern=\u00a0\u00bbwithout_pattern\u00a0\u00bb][vc_column][vc_column_text] Droit successoral Nous offrons une vari\u00e9t\u00e9 de solution \u00e0 toutes vos inqui\u00e9tudes. Vous \u00eates un ex\u00e9cuteur testamentaire qui recherche de l\u2019assistance pour l\u2019administration d\u2019une succession, nous sommes l\u00e0 pour vous aider. Par exemple, nous aidons r\u00e9guli\u00e8rement un&#8230;<\/p>\n","protected":false},"author":1,"featured_media":0,"parent":0,"menu_order":0,"comment_status":"closed","ping_status":"closed","template":"","meta":{"footnotes":""},"class_list":["post-140","page","type-page","status-publish","hentry"],"yoast_head":"<!-- This site is optimized with the Yoast SEO plugin v27.2 - https:\/\/yoast.com\/product\/yoast-seo-wordpress\/ -->\n<title>Droits successoral<\/title>\n<meta name=\"description\" content=\"Pour tous vos besoins en mati\u00e8res successorales, nous sommes l\u00e0 pour vous assister et all\u00e9ger votre fardeau.\" \/>\n<meta name=\"robots\" content=\"index, follow, max-snippet:-1, max-image-preview:large, max-video-preview:-1\" \/>\n<link rel=\"canonical\" href=\"https:\/\/www.lrflaw.ca\/fr\/droits-successoral\/\" \/>\n<meta property=\"og:locale\" content=\"fr_FR\" \/>\n<meta property=\"og:type\" content=\"article\" \/>\n<meta property=\"og:title\" content=\"Droits successoral\" \/>\n<meta property=\"og:description\" content=\"Pour tous vos besoins en mati\u00e8res successorales, nous sommes l\u00e0 pour vous assister et all\u00e9ger votre fardeau.\" \/>\n<meta property=\"og:url\" content=\"https:\/\/www.lrflaw.ca\/fr\/droits-successoral\/\" \/>\n<meta property=\"og:site_name\" content=\"Louis R. Filion\" \/>\n<meta property=\"article:modified_time\" content=\"2019-07-11T15:04:53+00:00\" \/>\n<meta name=\"twitter:card\" content=\"summary_large_image\" \/>\n<meta name=\"twitter:label1\" content=\"Dur\u00e9e de lecture estim\u00e9e\" \/>\n\t<meta name=\"twitter:data1\" content=\"1 minute\" \/>\n<script type=\"application\/ld+json\" class=\"yoast-schema-graph\">{\"@context\":\"https:\/\/schema.org\",\"@graph\":[{\"@type\":\"WebPage\",\"@id\":\"https:\/\/www.lrflaw.ca\/fr\/droits-successoral\/\",\"url\":\"https:\/\/www.lrflaw.ca\/fr\/droits-successoral\/\",\"name\":\"Droits successoral\",\"isPartOf\":{\"@id\":\"https:\/\/www.lrflaw.ca\/#website\"},\"datePublished\":\"2017-06-26T18:22:24+00:00\",\"dateModified\":\"2019-07-11T15:04:53+00:00\",\"description\":\"Pour tous vos besoins en mati\u00e8res successorales, nous sommes l\u00e0 pour vous assister et all\u00e9ger votre fardeau.\",\"breadcrumb\":{\"@id\":\"https:\/\/www.lrflaw.ca\/fr\/droits-successoral\/#breadcrumb\"},\"inLanguage\":\"fr-FR\",\"potentialAction\":[{\"@type\":\"ReadAction\",\"target\":[\"https:\/\/www.lrflaw.ca\/fr\/droits-successoral\/\"]}]},{\"@type\":\"BreadcrumbList\",\"@id\":\"https:\/\/www.lrflaw.ca\/fr\/droits-successoral\/#breadcrumb\",\"itemListElement\":[{\"@type\":\"ListItem\",\"position\":1,\"name\":\"Home\",\"item\":\"https:\/\/www.lrflaw.ca\/fr\/\"},{\"@type\":\"ListItem\",\"position\":2,\"name\":\"Droit successoral\"}]},{\"@type\":\"WebSite\",\"@id\":\"https:\/\/www.lrflaw.ca\/#website\",\"url\":\"https:\/\/www.lrflaw.ca\/\",\"name\":\"Louis R. Filion\",\"description\":\"Cabinet d&#039;avocat\",\"potentialAction\":[{\"@type\":\"SearchAction\",\"target\":{\"@type\":\"EntryPoint\",\"urlTemplate\":\"https:\/\/www.lrflaw.ca\/?s={search_term_string}\"},\"query-input\":{\"@type\":\"PropertyValueSpecification\",\"valueRequired\":true,\"valueName\":\"search_term_string\"}}],\"inLanguage\":\"fr-FR\"}]}<\/script>\n<!-- \/ Yoast SEO plugin. -->","yoast_head_json":{"title":"Droits successoral","description":"Pour tous vos besoins en mati\u00e8res successorales, nous sommes l\u00e0 pour vous assister et all\u00e9ger votre fardeau.","robots":{"index":"index","follow":"follow","max-snippet":"max-snippet:-1","max-image-preview":"max-image-preview:large","max-video-preview":"max-video-preview:-1"},"canonical":"https:\/\/www.lrflaw.ca\/fr\/droits-successoral\/","og_locale":"fr_FR","og_type":"article","og_title":"Droits successoral","og_description":"Pour tous vos besoins en mati\u00e8res successorales, nous sommes l\u00e0 pour vous assister et all\u00e9ger votre fardeau.","og_url":"https:\/\/www.lrflaw.ca\/fr\/droits-successoral\/","og_site_name":"Louis R. Filion","article_modified_time":"2019-07-11T15:04:53+00:00","twitter_card":"summary_large_image","twitter_misc":{"Dur\u00e9e de lecture estim\u00e9e":"1 minute"},"schema":{"@context":"https:\/\/schema.org","@graph":[{"@type":"WebPage","@id":"https:\/\/www.lrflaw.ca\/fr\/droits-successoral\/","url":"https:\/\/www.lrflaw.ca\/fr\/droits-successoral\/","name":"Droits successoral","isPartOf":{"@id":"https:\/\/www.lrflaw.ca\/#website"},"datePublished":"2017-06-26T18:22:24+00:00","dateModified":"2019-07-11T15:04:53+00:00","description":"Pour tous vos besoins en mati\u00e8res successorales, nous sommes l\u00e0 pour vous assister et all\u00e9ger votre fardeau.","breadcrumb":{"@id":"https:\/\/www.lrflaw.ca\/fr\/droits-successoral\/#breadcrumb"},"inLanguage":"fr-FR","potentialAction":[{"@type":"ReadAction","target":["https:\/\/www.lrflaw.ca\/fr\/droits-successoral\/"]}]},{"@type":"BreadcrumbList","@id":"https:\/\/www.lrflaw.ca\/fr\/droits-successoral\/#breadcrumb","itemListElement":[{"@type":"ListItem","position":1,"name":"Home","item":"https:\/\/www.lrflaw.ca\/fr\/"},{"@type":"ListItem","position":2,"name":"Droit successoral"}]},{"@type":"WebSite","@id":"https:\/\/www.lrflaw.ca\/#website","url":"https:\/\/www.lrflaw.ca\/","name":"Louis R. Filion","description":"Cabinet d&#039;avocat","potentialAction":[{"@type":"SearchAction","target":{"@type":"EntryPoint","urlTemplate":"https:\/\/www.lrflaw.ca\/?s={search_term_string}"},"query-input":{"@type":"PropertyValueSpecification","valueRequired":true,"valueName":"search_term_string"}}],"inLanguage":"fr-FR"}]}},"_links":{"self":[{"href":"https:\/\/www.lrflaw.ca\/fr\/wp-json\/wp\/v2\/pages\/140","targetHints":{"allow":["GET"]}}],"collection":[{"href":"https:\/\/www.lrflaw.ca\/fr\/wp-json\/wp\/v2\/pages"}],"about":[{"href":"https:\/\/www.lrflaw.ca\/fr\/wp-json\/wp\/v2\/types\/page"}],"author":[{"embeddable":true,"href":"https:\/\/www.lrflaw.ca\/fr\/wp-json\/wp\/v2\/users\/1"}],"replies":[{"embeddable":true,"href":"https:\/\/www.lrflaw.ca\/fr\/wp-json\/wp\/v2\/comments?post=140"}],"version-history":[{"count":5,"href":"https:\/\/www.lrflaw.ca\/fr\/wp-json\/wp\/v2\/pages\/140\/revisions"}],"predecessor-version":[{"id":268,"href":"https:\/\/www.lrflaw.ca\/fr\/wp-json\/wp\/v2\/pages\/140\/revisions\/268"}],"wp:attachment":[{"href":"https:\/\/www.lrflaw.ca\/fr\/wp-json\/wp\/v2\/media?parent=140"}],"curies":[{"name":"wp","href":"https:\/\/api.w.org\/{rel}","templated":true}]}}