{"id":124,"date":"2017-06-26T14:06:59","date_gmt":"2017-06-26T18:06:59","guid":{"rendered":"http:\/\/lrflaw.ca\/?page_id=124\/"},"modified":"2019-07-11T11:10:33","modified_gmt":"2019-07-11T15:10:33","slug":"droits-immobiliers","status":"publish","type":"page","link":"https:\/\/www.lrflaw.ca\/fr\/droits-immobiliers\/","title":{"rendered":"Droit immobilier"},"content":{"rendered":"<div class=\"wpb-content-wrapper\"><p>[vc_row css_animation=\u00a0\u00bb\u00a0\u00bb row_type=\u00a0\u00bbrow\u00a0\u00bb use_row_as_full_screen_section=\u00a0\u00bbno\u00a0\u00bb type=\u00a0\u00bbfull_width\u00a0\u00bb angled_section=\u00a0\u00bbno\u00a0\u00bb text_align=\u00a0\u00bbleft\u00a0\u00bb background_image_as_pattern=\u00a0\u00bbwithout_pattern\u00a0\u00bb][vc_column][vc_column_text]<\/p>\n<h2>Droit immobilier<\/h2>\n<p>L\u2019achat d\u2019une propri\u00e9t\u00e9 peut \u00eatre le plus grand engagement financier que vous ferez. Une transaction immobili\u00e8re peut \u00eatre complexe et il est important que vous vous entourez d\u2019une bonne \u00e9quipe qui travaillera avec vous afin de prot\u00e9ger vos int\u00e9r\u00eats tout au long du processus.<\/p>\n<p>&nbsp;<\/p>\n<p>De nombreux probl\u00e8mes peuvent survenir lorsque vous vendez ou achetez une propri\u00e9t\u00e9. Une \u00e9quipe exp\u00e9riment\u00e9e travaillera avec vous pour que tout se passe bien. De la pr\u00e9paration de la convention d\u2019achat-vente jusqu\u2019\u00e0 la cl\u00f4ture de la transaction, nous serons \u00e0 vos c\u00f4t\u00e9s jusqu\u2019\u00e0 la fin.<\/p>\n<p>&nbsp;<\/p>\n<p>Il est important d\u2019obtenir les services d\u2019un avocat d\u00e8s le d\u00e9but du processus d\u2019achat-vente. Si vous signez une offre sans avoir retenu les services d\u2019un avocat sp\u00e9cialis\u00e9 dans l\u2019immobilier, soyez avis\u00e9 qu\u2019il peut \u00eatre difficile voir m\u00eame impossible de faire des changements aux termes de la dite offre. Si vous ne pouvez venir nous rencontrer avant de signer votre offre, prenez du moins le temps de nous appeler pour que l\u2019on puisse vous faire nos recommandations afin de vous prot\u00e9ger dans ce processus.<\/p>\n<p>&nbsp;<\/p>\n<p>Nous pouvons vous aider de plusieurs fa\u00e7ons lors d\u2019une transaction immobili\u00e8re, notamment mais ne se limitant pas \u00e0 :[\/vc_column_text][vc_empty_space height=\u00a0\u00bb5px\u00a0\u00bb][vc_row_inner row_type=\u00a0\u00bbrow\u00a0\u00bb type=\u00a0\u00bbfull_width\u00a0\u00bb text_align=\u00a0\u00bbleft\u00a0\u00bb css_animation=\u00a0\u00bb\u00a0\u00bb][vc_column_inner width=\u00a0\u00bb1\/2&Prime;][vc_column_text el_class=\u00a0\u00bbdist-list\u00a0\u00bb]<\/p>\n<ul>\n<li>la pr\u00e9paration ou la r\u00e9vision de la Convention d\u2019achat-vente<\/li>\n<li>financement<\/li>\n<\/ul>\n<p>[\/vc_column_text][\/vc_column_inner][vc_column_inner width=\u00a0\u00bb1\/2&Prime;][vc_column_text el_class=\u00a0\u00bbdist-list\u00a0\u00bb]<\/p>\n<ul>\n<li>achat et ventes de condominium<\/li>\n<\/ul>\n<p>[\/vc_column_text][\/vc_column_inner][\/vc_row_inner][vc_column_text]<\/p>\n<p>&nbsp;<\/p>\n<p>Contactez-nous pour discuter de votre transaction immobili\u00e8re, <a href=\"\/?page_id=58\">Guylaine<\/a> ou <a href=\"\/?page_id=60\">M\u00e9lanie<\/a> se feront un plaisir de vous aider.[\/vc_column_text][\/vc_column][\/vc_row][vc_row css_animation=\u00a0\u00bb\u00a0\u00bb row_type=\u00a0\u00bbrow\u00a0\u00bb use_row_as_full_screen_section=\u00a0\u00bbno\u00a0\u00bb type=\u00a0\u00bbfull_width\u00a0\u00bb angled_section=\u00a0\u00bbno\u00a0\u00bb text_align=\u00a0\u00bbleft\u00a0\u00bb background_image_as_pattern=\u00a0\u00bbwithout_pattern\u00a0\u00bb][vc_column][vc_column_text el_class=\u00a0\u00bbdist-list\u00a0\u00bb]<\/p>\n<h4>Nos Expertises<\/h4>\n<p>[\/vc_column_text][vc_row_inner row_type=\u00a0\u00bbrow\u00a0\u00bb type=\u00a0\u00bbfull_width\u00a0\u00bb text_align=\u00a0\u00bbleft\u00a0\u00bb css_animation=\u00a0\u00bb\u00a0\u00bb][vc_column_inner width=\u00a0\u00bb1\/2&Prime;][vc_column_text el_class=\u00a0\u00bbdist-list\u00a0\u00bb]<\/p>\n<ul>\n<li>Transactions d\u2019achat-vente de propri\u00e9t\u00e9s r\u00e9sidentielles<\/li>\n<li>Transactions d\u2019achat-vente de propri\u00e9t\u00e9s commerciales<\/li>\n<li>Financement et refinancement<\/li>\n<\/ul>\n<p>[\/vc_column_text][\/vc_column_inner][vc_column_inner width=\u00a0\u00bb1\/2&Prime;][vc_column_text el_class=\u00a0\u00bbdist-list\u00a0\u00bb]<\/p>\n<ul>\n<li>R\u00e9daction de bail r\u00e9sidentiel<\/li>\n<li>Pouvoir de vente<\/li>\n<\/ul>\n<p>[\/vc_column_text][\/vc_column_inner][\/vc_row_inner][\/vc_column][\/vc_row]<\/p>\n<\/div>","protected":false},"excerpt":{"rendered":"<p>[vc_row css_animation=\u00a0\u00bb\u00a0\u00bb row_type=\u00a0\u00bbrow\u00a0\u00bb use_row_as_full_screen_section=\u00a0\u00bbno\u00a0\u00bb type=\u00a0\u00bbfull_width\u00a0\u00bb angled_section=\u00a0\u00bbno\u00a0\u00bb text_align=\u00a0\u00bbleft\u00a0\u00bb background_image_as_pattern=\u00a0\u00bbwithout_pattern\u00a0\u00bb][vc_column][vc_column_text] Droit immobilier L\u2019achat d\u2019une propri\u00e9t\u00e9 peut \u00eatre le plus grand engagement financier que vous ferez. Une transaction immobili\u00e8re peut \u00eatre complexe et il est important que vous vous entourez d\u2019une bonne \u00e9quipe qui travaillera avec vous afin&#8230;<\/p>\n","protected":false},"author":1,"featured_media":0,"parent":0,"menu_order":0,"comment_status":"closed","ping_status":"closed","template":"","meta":{"footnotes":""},"class_list":["post-124","page","type-page","status-publish","hentry"],"yoast_head":"<!-- This site is optimized with the Yoast SEO plugin v27.2 - https:\/\/yoast.com\/product\/yoast-seo-wordpress\/ -->\n<title>Droits immobiliers<\/title>\n<meta name=\"description\" content=\"Contactez-nous pour discuter de votre transaction immobili\u00e8re, Guylaine ou M\u00e9lanie se feront un plaisir de vous aider.\" \/>\n<meta name=\"robots\" content=\"index, follow, max-snippet:-1, max-image-preview:large, max-video-preview:-1\" \/>\n<link rel=\"canonical\" href=\"https:\/\/www.lrflaw.ca\/fr\/droits-immobiliers\/\" \/>\n<meta property=\"og:locale\" content=\"fr_FR\" \/>\n<meta property=\"og:type\" content=\"article\" \/>\n<meta property=\"og:title\" content=\"Droits immobiliers\" \/>\n<meta property=\"og:description\" content=\"Contactez-nous pour discuter de votre transaction immobili\u00e8re, Guylaine ou M\u00e9lanie se feront un plaisir de vous aider.\" \/>\n<meta property=\"og:url\" content=\"https:\/\/www.lrflaw.ca\/fr\/droits-immobiliers\/\" \/>\n<meta property=\"og:site_name\" content=\"Louis R. Filion\" \/>\n<meta property=\"article:modified_time\" content=\"2019-07-11T15:10:33+00:00\" \/>\n<meta name=\"twitter:card\" content=\"summary_large_image\" \/>\n<meta name=\"twitter:label1\" content=\"Dur\u00e9e de lecture estim\u00e9e\" \/>\n\t<meta name=\"twitter:data1\" content=\"2 minutes\" \/>\n<script type=\"application\/ld+json\" class=\"yoast-schema-graph\">{\"@context\":\"https:\/\/schema.org\",\"@graph\":[{\"@type\":\"WebPage\",\"@id\":\"https:\/\/www.lrflaw.ca\/fr\/droits-immobiliers\/\",\"url\":\"https:\/\/www.lrflaw.ca\/fr\/droits-immobiliers\/\",\"name\":\"Droits immobiliers\",\"isPartOf\":{\"@id\":\"https:\/\/www.lrflaw.ca\/#website\"},\"datePublished\":\"2017-06-26T18:06:59+00:00\",\"dateModified\":\"2019-07-11T15:10:33+00:00\",\"description\":\"Contactez-nous pour discuter de votre transaction immobili\u00e8re, Guylaine ou M\u00e9lanie se feront un plaisir de vous aider.\",\"breadcrumb\":{\"@id\":\"https:\/\/www.lrflaw.ca\/fr\/droits-immobiliers\/#breadcrumb\"},\"inLanguage\":\"fr-FR\",\"potentialAction\":[{\"@type\":\"ReadAction\",\"target\":[\"https:\/\/www.lrflaw.ca\/fr\/droits-immobiliers\/\"]}]},{\"@type\":\"BreadcrumbList\",\"@id\":\"https:\/\/www.lrflaw.ca\/fr\/droits-immobiliers\/#breadcrumb\",\"itemListElement\":[{\"@type\":\"ListItem\",\"position\":1,\"name\":\"Home\",\"item\":\"https:\/\/www.lrflaw.ca\/fr\/\"},{\"@type\":\"ListItem\",\"position\":2,\"name\":\"Droit immobilier\"}]},{\"@type\":\"WebSite\",\"@id\":\"https:\/\/www.lrflaw.ca\/#website\",\"url\":\"https:\/\/www.lrflaw.ca\/\",\"name\":\"Louis R. Filion\",\"description\":\"Cabinet d&#039;avocat\",\"potentialAction\":[{\"@type\":\"SearchAction\",\"target\":{\"@type\":\"EntryPoint\",\"urlTemplate\":\"https:\/\/www.lrflaw.ca\/?s={search_term_string}\"},\"query-input\":{\"@type\":\"PropertyValueSpecification\",\"valueRequired\":true,\"valueName\":\"search_term_string\"}}],\"inLanguage\":\"fr-FR\"}]}<\/script>\n<!-- \/ Yoast SEO plugin. -->","yoast_head_json":{"title":"Droits immobiliers","description":"Contactez-nous pour discuter de votre transaction immobili\u00e8re, Guylaine ou M\u00e9lanie se feront un plaisir de vous aider.","robots":{"index":"index","follow":"follow","max-snippet":"max-snippet:-1","max-image-preview":"max-image-preview:large","max-video-preview":"max-video-preview:-1"},"canonical":"https:\/\/www.lrflaw.ca\/fr\/droits-immobiliers\/","og_locale":"fr_FR","og_type":"article","og_title":"Droits immobiliers","og_description":"Contactez-nous pour discuter de votre transaction immobili\u00e8re, Guylaine ou M\u00e9lanie se feront un plaisir de vous aider.","og_url":"https:\/\/www.lrflaw.ca\/fr\/droits-immobiliers\/","og_site_name":"Louis R. Filion","article_modified_time":"2019-07-11T15:10:33+00:00","twitter_card":"summary_large_image","twitter_misc":{"Dur\u00e9e de lecture estim\u00e9e":"2 minutes"},"schema":{"@context":"https:\/\/schema.org","@graph":[{"@type":"WebPage","@id":"https:\/\/www.lrflaw.ca\/fr\/droits-immobiliers\/","url":"https:\/\/www.lrflaw.ca\/fr\/droits-immobiliers\/","name":"Droits immobiliers","isPartOf":{"@id":"https:\/\/www.lrflaw.ca\/#website"},"datePublished":"2017-06-26T18:06:59+00:00","dateModified":"2019-07-11T15:10:33+00:00","description":"Contactez-nous pour discuter de votre transaction immobili\u00e8re, Guylaine ou M\u00e9lanie se feront un plaisir de vous aider.","breadcrumb":{"@id":"https:\/\/www.lrflaw.ca\/fr\/droits-immobiliers\/#breadcrumb"},"inLanguage":"fr-FR","potentialAction":[{"@type":"ReadAction","target":["https:\/\/www.lrflaw.ca\/fr\/droits-immobiliers\/"]}]},{"@type":"BreadcrumbList","@id":"https:\/\/www.lrflaw.ca\/fr\/droits-immobiliers\/#breadcrumb","itemListElement":[{"@type":"ListItem","position":1,"name":"Home","item":"https:\/\/www.lrflaw.ca\/fr\/"},{"@type":"ListItem","position":2,"name":"Droit immobilier"}]},{"@type":"WebSite","@id":"https:\/\/www.lrflaw.ca\/#website","url":"https:\/\/www.lrflaw.ca\/","name":"Louis R. Filion","description":"Cabinet d&#039;avocat","potentialAction":[{"@type":"SearchAction","target":{"@type":"EntryPoint","urlTemplate":"https:\/\/www.lrflaw.ca\/?s={search_term_string}"},"query-input":{"@type":"PropertyValueSpecification","valueRequired":true,"valueName":"search_term_string"}}],"inLanguage":"fr-FR"}]}},"_links":{"self":[{"href":"https:\/\/www.lrflaw.ca\/fr\/wp-json\/wp\/v2\/pages\/124","targetHints":{"allow":["GET"]}}],"collection":[{"href":"https:\/\/www.lrflaw.ca\/fr\/wp-json\/wp\/v2\/pages"}],"about":[{"href":"https:\/\/www.lrflaw.ca\/fr\/wp-json\/wp\/v2\/types\/page"}],"author":[{"embeddable":true,"href":"https:\/\/www.lrflaw.ca\/fr\/wp-json\/wp\/v2\/users\/1"}],"replies":[{"embeddable":true,"href":"https:\/\/www.lrflaw.ca\/fr\/wp-json\/wp\/v2\/comments?post=124"}],"version-history":[{"count":11,"href":"https:\/\/www.lrflaw.ca\/fr\/wp-json\/wp\/v2\/pages\/124\/revisions"}],"predecessor-version":[{"id":269,"href":"https:\/\/www.lrflaw.ca\/fr\/wp-json\/wp\/v2\/pages\/124\/revisions\/269"}],"wp:attachment":[{"href":"https:\/\/www.lrflaw.ca\/fr\/wp-json\/wp\/v2\/media?parent=124"}],"curies":[{"name":"wp","href":"https:\/\/api.w.org\/{rel}","templated":true}]}}