{"id":115,"date":"2017-06-26T13:42:54","date_gmt":"2017-06-26T17:42:54","guid":{"rendered":"http:\/\/lrflaw.ca\/?page_id=115\/"},"modified":"2019-11-22T14:13:57","modified_gmt":"2019-11-22T19:13:57","slug":"liens-utiles","status":"publish","type":"page","link":"https:\/\/www.lrflaw.ca\/fr\/liens-utiles\/","title":{"rendered":"Liens utiles"},"content":{"rendered":"<div class=\"wpb-content-wrapper\"><p>[vc_row css_animation=\u00a0\u00bb\u00a0\u00bb row_type=\u00a0\u00bbrow\u00a0\u00bb use_row_as_full_screen_section=\u00a0\u00bbno\u00a0\u00bb type=\u00a0\u00bbfull_width\u00a0\u00bb angled_section=\u00a0\u00bbno\u00a0\u00bb text_align=\u00a0\u00bbleft\u00a0\u00bb background_image_as_pattern=\u00a0\u00bbwithout_pattern\u00a0\u00bb][vc_column][vc_column_text el_class=\u00a0\u00bbdist-list\u00a0\u00bb]<\/p>\n<h2>Liens utiles<\/h2>\n<h3>L\u00e9gislation<\/h3>\n<ul>\n<li><a href=\"http:\/\/www.lsuc.on.ca\/\" target=\"_blank\" rel=\"noopener\">Barreau du Haut-Canada<\/a><\/li>\n<li><a href=\"https:\/\/www.ontario.ca\/laws\" target=\"_blank\" rel=\"noopener\">Lois de l\u2019Ontario<\/a><\/li>\n<li><a href=\"http:\/\/laws.justice.gc.ca\/\" target=\"_blank\" rel=\"noopener\">Lois f\u00e9d\u00e9rales<\/a><\/li>\n<li><a href=\"https:\/\/www.attorneygeneral.jus.gov.on.ca\/english\/courts\/scc\/\" target=\"_blank\" rel=\"noopener\">Cour des petites cr\u00e9ances<\/a><\/li>\n<li><a href=\"http:\/\/www.sjto.gov.on.ca\/ltb\/\" target=\"_blank\" rel=\"noopener\">Commission de la location<\/a><\/li>\n<\/ul>\n<p>[\/vc_column_text][vc_empty_space height=\u00a0\u00bb20px\u00a0\u00bb][vc_column_text el_class=\u00a0\u00bbdist-list\u00a0\u00bb]<\/p>\n<h3>Immobilier<\/h3>\n<ul>\n<li><a href=\"http:\/\/www.recreationland.net\" target=\"_blank\" rel=\"noopener\">Apex Realty<\/a><\/li>\n<li><a href=\"http:\/\/www.titleplus.ca\/\" target=\"_blank\" rel=\"noopener\">Assurance du titre (Title Plus)<\/a><\/li>\n<li><a href=\"http:\/\/www.fct.ca\/\" target=\"_blank\" rel=\"noopener\">Assurance du titre (FCT)<\/a><\/li>\n<li><a href=\"http:\/\/www.stewart.ca\/\" target=\"_blank\" rel=\"noopener\">Assurance du titre (Stewart)<\/a><\/li>\n<\/ul>\n<p>[\/vc_column_text][vc_empty_space height=\u00a0\u00bb20px\u00a0\u00bb][vc_column_text el_class=\u00a0\u00bbdist-list\u00a0\u00bb]<\/p>\n<h3>Francophonie<\/h3>\n<ul>\n<li><a href=\"http:\/\/www.ajefo.ca\/\" target=\"_blank\" rel=\"noopener\">AJEFO<\/a><\/li>\n<li><a href=\"http:\/\/www.jurisource.ca\/\" target=\"_blank\" rel=\"noopener\">Jurisource<\/a><\/li>\n<\/ul>\n<p>[\/vc_column_text][vc_empty_space height=\u00a0\u00bb20px\u00a0\u00bb][vc_column_text el_class=\u00a0\u00bbdist-list\u00a0\u00bb]<\/p>\n<h3>Autres<\/h3>\n<ul>\n<li><a href=\"https:\/\/voyage.gc.ca\/voyager\/enfant\/lettre-de-consentement\" target=\"_blank\" rel=\"noopener\">Voyager avec des mineurs (consentement de voyage)<\/a><\/li>\n<\/ul>\n<p>[\/vc_column_text][\/vc_column][\/vc_row]<\/p>\n<\/div>","protected":false},"excerpt":{"rendered":"<p>[vc_row css_animation=\u00a0\u00bb\u00a0\u00bb row_type=\u00a0\u00bbrow\u00a0\u00bb use_row_as_full_screen_section=\u00a0\u00bbno\u00a0\u00bb type=\u00a0\u00bbfull_width\u00a0\u00bb angled_section=\u00a0\u00bbno\u00a0\u00bb text_align=\u00a0\u00bbleft\u00a0\u00bb background_image_as_pattern=\u00a0\u00bbwithout_pattern\u00a0\u00bb][vc_column][vc_column_text el_class=\u00a0\u00bbdist-list\u00a0\u00bb] Liens utiles L\u00e9gislation Barreau du Haut-Canada Lois de l\u2019Ontario Lois f\u00e9d\u00e9rales Cour des petites cr\u00e9ances Commission de la location [\/vc_column_text][vc_empty_space height=\u00a0\u00bb20px\u00a0\u00bb][vc_column_text el_class=\u00a0\u00bbdist-list\u00a0\u00bb] Immobilier Apex Realty Assurance du titre (Title Plus) Assurance du titre (FCT) Assurance du&#8230;<\/p>\n","protected":false},"author":1,"featured_media":0,"parent":0,"menu_order":0,"comment_status":"closed","ping_status":"closed","template":"","meta":{"footnotes":""},"class_list":["post-115","page","type-page","status-publish","hentry"],"yoast_head":"<!-- This site is optimized with the Yoast SEO plugin v27.2 - https:\/\/yoast.com\/product\/yoast-seo-wordpress\/ -->\n<title>Liens utiles<\/title>\n<meta name=\"description\" content=\"L\u00e9gislation, immobilier, francophonie et autres.\" \/>\n<meta name=\"robots\" content=\"index, follow, max-snippet:-1, max-image-preview:large, max-video-preview:-1\" \/>\n<link rel=\"canonical\" href=\"https:\/\/www.lrflaw.ca\/fr\/liens-utiles\/\" \/>\n<meta property=\"og:locale\" content=\"fr_FR\" \/>\n<meta property=\"og:type\" content=\"article\" \/>\n<meta property=\"og:title\" content=\"Liens utiles\" \/>\n<meta property=\"og:description\" content=\"L\u00e9gislation, immobilier, francophonie et autres.\" \/>\n<meta property=\"og:url\" content=\"https:\/\/www.lrflaw.ca\/fr\/liens-utiles\/\" \/>\n<meta property=\"og:site_name\" content=\"Louis R. Filion\" \/>\n<meta property=\"article:modified_time\" content=\"2019-11-22T19:13:57+00:00\" \/>\n<meta name=\"twitter:card\" content=\"summary_large_image\" \/>\n<meta name=\"twitter:label1\" content=\"Dur\u00e9e de lecture estim\u00e9e\" \/>\n\t<meta name=\"twitter:data1\" content=\"1 minute\" \/>\n<script type=\"application\/ld+json\" class=\"yoast-schema-graph\">{\"@context\":\"https:\/\/schema.org\",\"@graph\":[{\"@type\":\"WebPage\",\"@id\":\"https:\/\/www.lrflaw.ca\/fr\/liens-utiles\/\",\"url\":\"https:\/\/www.lrflaw.ca\/fr\/liens-utiles\/\",\"name\":\"Liens utiles\",\"isPartOf\":{\"@id\":\"https:\/\/www.lrflaw.ca\/#website\"},\"datePublished\":\"2017-06-26T17:42:54+00:00\",\"dateModified\":\"2019-11-22T19:13:57+00:00\",\"description\":\"L\u00e9gislation, immobilier, francophonie et autres.\",\"breadcrumb\":{\"@id\":\"https:\/\/www.lrflaw.ca\/fr\/liens-utiles\/#breadcrumb\"},\"inLanguage\":\"fr-FR\",\"potentialAction\":[{\"@type\":\"ReadAction\",\"target\":[\"https:\/\/www.lrflaw.ca\/fr\/liens-utiles\/\"]}]},{\"@type\":\"BreadcrumbList\",\"@id\":\"https:\/\/www.lrflaw.ca\/fr\/liens-utiles\/#breadcrumb\",\"itemListElement\":[{\"@type\":\"ListItem\",\"position\":1,\"name\":\"Home\",\"item\":\"https:\/\/www.lrflaw.ca\/fr\/\"},{\"@type\":\"ListItem\",\"position\":2,\"name\":\"Liens utiles\"}]},{\"@type\":\"WebSite\",\"@id\":\"https:\/\/www.lrflaw.ca\/#website\",\"url\":\"https:\/\/www.lrflaw.ca\/\",\"name\":\"Louis R. Filion\",\"description\":\"Cabinet d&#039;avocat\",\"potentialAction\":[{\"@type\":\"SearchAction\",\"target\":{\"@type\":\"EntryPoint\",\"urlTemplate\":\"https:\/\/www.lrflaw.ca\/?s={search_term_string}\"},\"query-input\":{\"@type\":\"PropertyValueSpecification\",\"valueRequired\":true,\"valueName\":\"search_term_string\"}}],\"inLanguage\":\"fr-FR\"}]}<\/script>\n<!-- \/ Yoast SEO plugin. -->","yoast_head_json":{"title":"Liens utiles","description":"L\u00e9gislation, immobilier, francophonie et autres.","robots":{"index":"index","follow":"follow","max-snippet":"max-snippet:-1","max-image-preview":"max-image-preview:large","max-video-preview":"max-video-preview:-1"},"canonical":"https:\/\/www.lrflaw.ca\/fr\/liens-utiles\/","og_locale":"fr_FR","og_type":"article","og_title":"Liens utiles","og_description":"L\u00e9gislation, immobilier, francophonie et autres.","og_url":"https:\/\/www.lrflaw.ca\/fr\/liens-utiles\/","og_site_name":"Louis R. Filion","article_modified_time":"2019-11-22T19:13:57+00:00","twitter_card":"summary_large_image","twitter_misc":{"Dur\u00e9e de lecture estim\u00e9e":"1 minute"},"schema":{"@context":"https:\/\/schema.org","@graph":[{"@type":"WebPage","@id":"https:\/\/www.lrflaw.ca\/fr\/liens-utiles\/","url":"https:\/\/www.lrflaw.ca\/fr\/liens-utiles\/","name":"Liens utiles","isPartOf":{"@id":"https:\/\/www.lrflaw.ca\/#website"},"datePublished":"2017-06-26T17:42:54+00:00","dateModified":"2019-11-22T19:13:57+00:00","description":"L\u00e9gislation, immobilier, francophonie et autres.","breadcrumb":{"@id":"https:\/\/www.lrflaw.ca\/fr\/liens-utiles\/#breadcrumb"},"inLanguage":"fr-FR","potentialAction":[{"@type":"ReadAction","target":["https:\/\/www.lrflaw.ca\/fr\/liens-utiles\/"]}]},{"@type":"BreadcrumbList","@id":"https:\/\/www.lrflaw.ca\/fr\/liens-utiles\/#breadcrumb","itemListElement":[{"@type":"ListItem","position":1,"name":"Home","item":"https:\/\/www.lrflaw.ca\/fr\/"},{"@type":"ListItem","position":2,"name":"Liens utiles"}]},{"@type":"WebSite","@id":"https:\/\/www.lrflaw.ca\/#website","url":"https:\/\/www.lrflaw.ca\/","name":"Louis R. Filion","description":"Cabinet d&#039;avocat","potentialAction":[{"@type":"SearchAction","target":{"@type":"EntryPoint","urlTemplate":"https:\/\/www.lrflaw.ca\/?s={search_term_string}"},"query-input":{"@type":"PropertyValueSpecification","valueRequired":true,"valueName":"search_term_string"}}],"inLanguage":"fr-FR"}]}},"_links":{"self":[{"href":"https:\/\/www.lrflaw.ca\/fr\/wp-json\/wp\/v2\/pages\/115","targetHints":{"allow":["GET"]}}],"collection":[{"href":"https:\/\/www.lrflaw.ca\/fr\/wp-json\/wp\/v2\/pages"}],"about":[{"href":"https:\/\/www.lrflaw.ca\/fr\/wp-json\/wp\/v2\/types\/page"}],"author":[{"embeddable":true,"href":"https:\/\/www.lrflaw.ca\/fr\/wp-json\/wp\/v2\/users\/1"}],"replies":[{"embeddable":true,"href":"https:\/\/www.lrflaw.ca\/fr\/wp-json\/wp\/v2\/comments?post=115"}],"version-history":[{"count":6,"href":"https:\/\/www.lrflaw.ca\/fr\/wp-json\/wp\/v2\/pages\/115\/revisions"}],"predecessor-version":[{"id":274,"href":"https:\/\/www.lrflaw.ca\/fr\/wp-json\/wp\/v2\/pages\/115\/revisions\/274"}],"wp:attachment":[{"href":"https:\/\/www.lrflaw.ca\/fr\/wp-json\/wp\/v2\/media?parent=115"}],"curies":[{"name":"wp","href":"https:\/\/api.w.org\/{rel}","templated":true}]}}